{"id":290,"date":"2016-05-24T16:06:45","date_gmt":"2016-05-24T16:06:45","guid":{"rendered":"https:\/\/cheerup.theme-sphere.com\/magazine\/?page_id=290"},"modified":"2019-04-25T13:08:30","modified_gmt":"2019-04-25T11:08:30","slug":"kontakt","status":"publish","type":"page","link":"https:\/\/b2b.coffeedesk.pl\/blog\/kontakt\/","title":{"rendered":"Kontakt"},"content":{"rendered":"<p>[vc_row][vc_column width=&#8221;1\/2&#8243;][vc_column_text single_style=&#8221;&#8221;]<\/p>\n<h3>BIURO<\/h3>\n<p><strong>Adres:<\/strong> ul. Sienkiewicza 12, 78-100 Ko\u0142obrzeg<br \/>\n<strong>Telefon:<\/strong> +48 730 882 525<br \/>\n<strong>Email:<\/strong> biuro@coffeedesk.pl<br \/>\nPoniedzia\u0142ek \u2013 pi\u0105tek 8:00 \u2013 16:00[\/vc_column_text][vc_empty_space][vc_column_text single_style=&#8221;&#8221;]<\/p>\n<h3>All Good S.A.<\/h3>\n<p><strong>Adres:<\/strong> ul. Mazowiecka 24I\/U9, 78-100 Ko\u0142obrzeg<br \/>\n<strong>NIP:<\/strong> 671 181 26 75<br \/>\n<strong>REGON:<\/strong> 321281341[\/vc_column_text][\/vc_column][vc_column width=&#8221;1\/2&#8243;][vc_column_text single_style=&#8221;&#8221;]<\/p>\n<h4>Skontaktuj si\u0119 z ekspertem do spraw zam\u00f3wie\u0144 B2B:<\/h4>\n<p>[\/vc_column_text][vc_column_text single_style=&#8221;&#8221;]\n<div class=\"wpcf7 no-js\" id=\"wpcf7-f3736-o1\" lang=\"pl-PL\" dir=\"ltr\">\n<div class=\"screen-reader-response\"><p role=\"status\" aria-live=\"polite\" aria-atomic=\"true\"><\/p> <ul><\/ul><\/div>\n<form action=\"\/blog\/wp-json\/wp\/v2\/pages\/290#wpcf7-f3736-o1\" method=\"post\" class=\"wpcf7-form init\" aria-label=\"Formularz kontaktowy\" novalidate=\"novalidate\" data-status=\"init\">\n<div style=\"display: none;\">\n<input type=\"hidden\" name=\"_wpcf7\" value=\"3736\" \/>\n<input type=\"hidden\" name=\"_wpcf7_version\" value=\"5.9.8\" \/>\n<input type=\"hidden\" name=\"_wpcf7_locale\" value=\"pl_PL\" \/>\n<input type=\"hidden\" name=\"_wpcf7_unit_tag\" value=\"wpcf7-f3736-o1\" \/>\n<input type=\"hidden\" name=\"_wpcf7_container_post\" value=\"0\" \/>\n<input type=\"hidden\" name=\"_wpcf7_posted_data_hash\" value=\"\" \/>\n<input type=\"hidden\" name=\"_wpcf7_recaptcha_response\" value=\"\" \/>\n<\/div>\n<div>\n\t<p><span class=\"wpcf7-form-control-wrap\" data-name=\"your-name\"><input size=\"40\" maxlength=\"400\" class=\"wpcf7-form-control wpcf7-text wpcf7-validates-as-required\" aria-required=\"true\" aria-invalid=\"false\" placeholder=\"Twoje imi\u0119 (pole wymagane)\" value=\"\" type=\"text\" name=\"your-name\" \/><\/span>\n\t<\/p>\n<\/div>\n<div>\n\t<p><span class=\"wpcf7-form-control-wrap\" data-name=\"your-email\"><input size=\"40\" maxlength=\"400\" class=\"wpcf7-form-control wpcf7-email wpcf7-validates-as-required wpcf7-text wpcf7-validates-as-email\" aria-required=\"true\" aria-invalid=\"false\" placeholder=\"Tw\u00f3j Email (pole wymagane)\" value=\"\" type=\"email\" name=\"your-email\" \/><\/span>\n\t<\/p>\n<\/div>\n<div>\n\t<p><span class=\"wpcf7-form-control-wrap\" data-name=\"your-tel\"><input size=\"40\" maxlength=\"400\" class=\"wpcf7-form-control wpcf7-tel wpcf7-text wpcf7-validates-as-tel\" aria-invalid=\"false\" placeholder=\"Tw\u00f3j numer telefonu\" value=\"\" type=\"tel\" name=\"your-tel\" \/><\/span>\n\t<\/p>\n<\/div>\n<div>\n\t<p><span class=\"wpcf7-form-control-wrap\" data-name=\"your-message\"><textarea cols=\"40\" rows=\"10\" maxlength=\"2000\" class=\"wpcf7-form-control wpcf7-textarea\" aria-invalid=\"false\" placeholder=\"Twoja wiadomo\u015b\u0107\" name=\"your-message\"><\/textarea><\/span>\n\t<\/p>\n<\/div>\n\n<p class=\"rodo\"><span class=\"wpcf7-form-control-wrap\" data-name=\"rodo\"><span class=\"wpcf7-form-control wpcf7-acceptance\"><span class=\"wpcf7-list-item\"><label><input type=\"checkbox\" name=\"rodo\" value=\"1\" aria-invalid=\"false\" \/><span class=\"wpcf7-list-item-label\"><small>Akceptuj\u0119 <a href=\"\/regulamin\/\"> Regulamin<\/a> i zapozna\u0142em si\u0119 z <a href=\"\/regulamin\/\" target=\"_blank\">Polityk\u0105 Prywatno\u015bci<\/a><\/small><\/span><\/label><\/span><\/span><\/span>\n<\/p>\n<p class=\"rodo\"><small>Przed wys\u0142aniem nam swoich danych, koniecznie zapoznaj si\u0119 z <a href=\"\/regulamin\/\" target=\"_blank\">Polityk\u0105 Prywatno\u015bci<\/a>, w kt\u00f3rej znajdziesz informacje o administratorze danych osobowych, Twoich prawach i naszych obowi\u0105zkach, w jakim celu przetwarzane s\u0105 Twoje dane oraz wszelkie inne informacje, kt\u00f3re dotycz\u0105 ochrony i bezpiecze\u0144stwa Twoich danych osobowych<\/small>\n<\/p>\n<p><input class=\"wpcf7-form-control wpcf7-submit has-spinner\" type=\"submit\" value=\"Wy\u015blij\" \/>\n<\/p><div class=\"wpcf7-response-output\" aria-hidden=\"true\"><\/div>\n<\/form>\n<\/div>\n[\/vc_column_text][\/vc_column][\/vc_row][vc_row][vc_column][\/vc_column][\/vc_row]<\/p>\n","protected":false},"excerpt":{"rendered":"<p>[vc_row][vc_column width=&#8221;1\/2&#8243;][vc_column_text single_style=&#8221;&#8221;] BIURO Adres: ul. Sienkiewicza 12, 78-100 Ko\u0142obrzeg Telefon: +48 730 882 525 Email: biuro@coffeedesk.pl Poniedzia\u0142ek \u2013 pi\u0105tek 8:00 \u2013 16:00[\/vc_column_text][vc_empty_space][vc_column_text single_style=&#8221;&#8221;] All Good S.A. Adres: ul. Mazowiecka 24I\/U9, 78-100 Ko\u0142obrzeg NIP: 671 181 26 75 REGON: 321281341[\/vc_column_text][\/vc_column][vc_column width=&#8221;1\/2&#8243;][vc_column_text single_style=&#8221;&#8221;] Skontaktuj si\u0119 z ekspertem do spraw zam\u00f3wie\u0144 B2B: [\/vc_column_text][vc_column_text single_style=&#8221;&#8221;][\/vc_column_text][\/vc_column][\/vc_row][vc_row][vc_column][\/vc_column][\/vc_row]<\/p>\n","protected":false},"author":1,"featured_media":0,"parent":0,"menu_order":0,"comment_status":"closed","ping_status":"closed","template":"page-blocks.php","meta":{"_acf_changed":false,"footnotes":""},"class_list":["post-290","page","type-page","status-publish"],"acf":[],"yoast_head":"<!-- This site is optimized with the Yoast SEO plugin v24.9 - https:\/\/yoast.com\/wordpress\/plugins\/seo\/ -->\n<title>Kontakt - Blog B2B Coffeedesk<\/title>\n<meta name=\"robots\" content=\"index, follow, max-snippet:-1, max-image-preview:large, max-video-preview:-1\" \/>\n<link rel=\"canonical\" href=\"https:\/\/b2b.coffeedesk.pl\/blog\/kontakt\/\" \/>\n<meta property=\"og:locale\" content=\"pl_PL\" \/>\n<meta property=\"og:type\" content=\"article\" \/>\n<meta property=\"og:title\" content=\"Kontakt - Blog B2B Coffeedesk\" \/>\n<meta property=\"og:description\" content=\"[vc_row][vc_column width=&#8221;1\/2&#8243;][vc_column_text single_style=&#8221;&#8221;] BIURO Adres: ul. Sienkiewicza 12, 78-100 Ko\u0142obrzeg Telefon: +48 730 882 525 Email: biuro@coffeedesk.pl Poniedzia\u0142ek \u2013 pi\u0105tek 8:00 \u2013 16:00[\/vc_column_text][vc_empty_space][vc_column_text single_style=&#8221;&#8221;] All Good S.A. Adres: ul. Mazowiecka 24I\/U9, 78-100 Ko\u0142obrzeg NIP: 671 181 26 75 REGON: 321281341[\/vc_column_text][\/vc_column][vc_column width=&#8221;1\/2&#8243;][vc_column_text single_style=&#8221;&#8221;] Skontaktuj si\u0119 z ekspertem do spraw zam\u00f3wie\u0144 B2B: [\/vc_column_text][vc_column_text single_style=&#8221;&#8221;][\/vc_column_text][\/vc_column][\/vc_row][vc_row][vc_column][\/vc_column][\/vc_row]\" \/>\n<meta property=\"og:url\" content=\"https:\/\/b2b.coffeedesk.pl\/blog\/kontakt\/\" \/>\n<meta property=\"og:site_name\" content=\"Blog B2B Coffeedesk\" \/>\n<meta property=\"article:publisher\" content=\"https:\/\/www.facebook.com\/coffeedeskpl\" \/>\n<meta property=\"article:modified_time\" content=\"2019-04-25T11:08:30+00:00\" \/>\n<meta name=\"twitter:card\" content=\"summary_large_image\" \/>\n<meta name=\"twitter:site\" content=\"@CoffeeDeskPl\" \/>\n<meta name=\"twitter:label1\" content=\"Szacowany czas czytania\" \/>\n\t<meta name=\"twitter:data1\" content=\"1 minuta\" \/>\n<script type=\"application\/ld+json\" class=\"yoast-schema-graph\">{\"@context\":\"https:\/\/schema.org\",\"@graph\":[{\"@type\":\"WebPage\",\"@id\":\"https:\/\/b2b.coffeedesk.pl\/blog\/kontakt\/\",\"url\":\"https:\/\/b2b.coffeedesk.pl\/blog\/kontakt\/\",\"name\":\"Kontakt - Blog B2B Coffeedesk\",\"isPartOf\":{\"@id\":\"https:\/\/b2b.coffeedesk.pl\/blog\/#website\"},\"datePublished\":\"2016-05-24T16:06:45+00:00\",\"dateModified\":\"2019-04-25T11:08:30+00:00\",\"breadcrumb\":{\"@id\":\"https:\/\/b2b.coffeedesk.pl\/blog\/kontakt\/#breadcrumb\"},\"inLanguage\":\"pl-PL\",\"potentialAction\":[{\"@type\":\"ReadAction\",\"target\":[\"https:\/\/b2b.coffeedesk.pl\/blog\/kontakt\/\"]}]},{\"@type\":\"BreadcrumbList\",\"@id\":\"https:\/\/b2b.coffeedesk.pl\/blog\/kontakt\/#breadcrumb\",\"itemListElement\":[{\"@type\":\"ListItem\",\"position\":1,\"name\":\"Strona g\u0142\u00f3wna\",\"item\":\"https:\/\/b2b.coffeedesk.pl\/blog\/\"},{\"@type\":\"ListItem\",\"position\":2,\"name\":\"Kontakt\"}]},{\"@type\":\"WebSite\",\"@id\":\"https:\/\/b2b.coffeedesk.pl\/blog\/#website\",\"url\":\"https:\/\/b2b.coffeedesk.pl\/blog\/\",\"name\":\"Blog B2B Coffeedesk\",\"description\":\"\",\"publisher\":{\"@id\":\"https:\/\/b2b.coffeedesk.pl\/blog\/#organization\"},\"potentialAction\":[{\"@type\":\"SearchAction\",\"target\":{\"@type\":\"EntryPoint\",\"urlTemplate\":\"https:\/\/b2b.coffeedesk.pl\/blog\/?s={search_term_string}\"},\"query-input\":{\"@type\":\"PropertyValueSpecification\",\"valueRequired\":true,\"valueName\":\"search_term_string\"}}],\"inLanguage\":\"pl-PL\"},{\"@type\":\"Organization\",\"@id\":\"https:\/\/b2b.coffeedesk.pl\/blog\/#organization\",\"name\":\"Coffeedesk.pl B2B\",\"url\":\"https:\/\/b2b.coffeedesk.pl\/blog\/\",\"logo\":{\"@type\":\"ImageObject\",\"inLanguage\":\"pl-PL\",\"@id\":\"https:\/\/b2b.coffeedesk.pl\/blog\/#\/schema\/logo\/image\/\",\"url\":\"https:\/\/b2b.coffeedesk.pl\/blog\/wp-content\/uploads\/2024\/04\/Coffeedesk_business.png\",\"contentUrl\":\"https:\/\/b2b.coffeedesk.pl\/blog\/wp-content\/uploads\/2024\/04\/Coffeedesk_business.png\",\"width\":210,\"height\":53,\"caption\":\"Coffeedesk.pl B2B\"},\"image\":{\"@id\":\"https:\/\/b2b.coffeedesk.pl\/blog\/#\/schema\/logo\/image\/\"},\"sameAs\":[\"https:\/\/www.facebook.com\/coffeedeskpl\",\"https:\/\/x.com\/CoffeeDeskPl\",\"https:\/\/www.instagram.com\/coffeedeskpl\/\",\"https:\/\/www.youtube.com\/user\/coffeedeskpl\",\"https:\/\/www.linkedin.com\/company\/coffeedesk\"]}]}<\/script>\n<!-- \/ Yoast SEO plugin. -->","yoast_head_json":{"title":"Kontakt - Blog B2B Coffeedesk","robots":{"index":"index","follow":"follow","max-snippet":"max-snippet:-1","max-image-preview":"max-image-preview:large","max-video-preview":"max-video-preview:-1"},"canonical":"https:\/\/b2b.coffeedesk.pl\/blog\/kontakt\/","og_locale":"pl_PL","og_type":"article","og_title":"Kontakt - Blog B2B Coffeedesk","og_description":"[vc_row][vc_column width=&#8221;1\/2&#8243;][vc_column_text single_style=&#8221;&#8221;] BIURO Adres: ul. Sienkiewicza 12, 78-100 Ko\u0142obrzeg Telefon: +48 730 882 525 Email: biuro@coffeedesk.pl Poniedzia\u0142ek \u2013 pi\u0105tek 8:00 \u2013 16:00[\/vc_column_text][vc_empty_space][vc_column_text single_style=&#8221;&#8221;] All Good S.A. Adres: ul. Mazowiecka 24I\/U9, 78-100 Ko\u0142obrzeg NIP: 671 181 26 75 REGON: 321281341[\/vc_column_text][\/vc_column][vc_column width=&#8221;1\/2&#8243;][vc_column_text single_style=&#8221;&#8221;] Skontaktuj si\u0119 z ekspertem do spraw zam\u00f3wie\u0144 B2B: [\/vc_column_text][vc_column_text single_style=&#8221;&#8221;][\/vc_column_text][\/vc_column][\/vc_row][vc_row][vc_column][\/vc_column][\/vc_row]","og_url":"https:\/\/b2b.coffeedesk.pl\/blog\/kontakt\/","og_site_name":"Blog B2B Coffeedesk","article_publisher":"https:\/\/www.facebook.com\/coffeedeskpl","article_modified_time":"2019-04-25T11:08:30+00:00","twitter_card":"summary_large_image","twitter_site":"@CoffeeDeskPl","twitter_misc":{"Szacowany czas czytania":"1 minuta"},"schema":{"@context":"https:\/\/schema.org","@graph":[{"@type":"WebPage","@id":"https:\/\/b2b.coffeedesk.pl\/blog\/kontakt\/","url":"https:\/\/b2b.coffeedesk.pl\/blog\/kontakt\/","name":"Kontakt - Blog B2B Coffeedesk","isPartOf":{"@id":"https:\/\/b2b.coffeedesk.pl\/blog\/#website"},"datePublished":"2016-05-24T16:06:45+00:00","dateModified":"2019-04-25T11:08:30+00:00","breadcrumb":{"@id":"https:\/\/b2b.coffeedesk.pl\/blog\/kontakt\/#breadcrumb"},"inLanguage":"pl-PL","potentialAction":[{"@type":"ReadAction","target":["https:\/\/b2b.coffeedesk.pl\/blog\/kontakt\/"]}]},{"@type":"BreadcrumbList","@id":"https:\/\/b2b.coffeedesk.pl\/blog\/kontakt\/#breadcrumb","itemListElement":[{"@type":"ListItem","position":1,"name":"Strona g\u0142\u00f3wna","item":"https:\/\/b2b.coffeedesk.pl\/blog\/"},{"@type":"ListItem","position":2,"name":"Kontakt"}]},{"@type":"WebSite","@id":"https:\/\/b2b.coffeedesk.pl\/blog\/#website","url":"https:\/\/b2b.coffeedesk.pl\/blog\/","name":"Blog B2B Coffeedesk","description":"","publisher":{"@id":"https:\/\/b2b.coffeedesk.pl\/blog\/#organization"},"potentialAction":[{"@type":"SearchAction","target":{"@type":"EntryPoint","urlTemplate":"https:\/\/b2b.coffeedesk.pl\/blog\/?s={search_term_string}"},"query-input":{"@type":"PropertyValueSpecification","valueRequired":true,"valueName":"search_term_string"}}],"inLanguage":"pl-PL"},{"@type":"Organization","@id":"https:\/\/b2b.coffeedesk.pl\/blog\/#organization","name":"Coffeedesk.pl B2B","url":"https:\/\/b2b.coffeedesk.pl\/blog\/","logo":{"@type":"ImageObject","inLanguage":"pl-PL","@id":"https:\/\/b2b.coffeedesk.pl\/blog\/#\/schema\/logo\/image\/","url":"https:\/\/b2b.coffeedesk.pl\/blog\/wp-content\/uploads\/2024\/04\/Coffeedesk_business.png","contentUrl":"https:\/\/b2b.coffeedesk.pl\/blog\/wp-content\/uploads\/2024\/04\/Coffeedesk_business.png","width":210,"height":53,"caption":"Coffeedesk.pl B2B"},"image":{"@id":"https:\/\/b2b.coffeedesk.pl\/blog\/#\/schema\/logo\/image\/"},"sameAs":["https:\/\/www.facebook.com\/coffeedeskpl","https:\/\/x.com\/CoffeeDeskPl","https:\/\/www.instagram.com\/coffeedeskpl\/","https:\/\/www.youtube.com\/user\/coffeedeskpl","https:\/\/www.linkedin.com\/company\/coffeedesk"]}]}},"_links":{"self":[{"href":"https:\/\/b2b.coffeedesk.pl\/blog\/wp-json\/wp\/v2\/pages\/290"}],"collection":[{"href":"https:\/\/b2b.coffeedesk.pl\/blog\/wp-json\/wp\/v2\/pages"}],"about":[{"href":"https:\/\/b2b.coffeedesk.pl\/blog\/wp-json\/wp\/v2\/types\/page"}],"author":[{"embeddable":true,"href":"https:\/\/b2b.coffeedesk.pl\/blog\/wp-json\/wp\/v2\/users\/1"}],"replies":[{"embeddable":true,"href":"https:\/\/b2b.coffeedesk.pl\/blog\/wp-json\/wp\/v2\/comments?post=290"}],"version-history":[{"count":14,"href":"https:\/\/b2b.coffeedesk.pl\/blog\/wp-json\/wp\/v2\/pages\/290\/revisions"}],"predecessor-version":[{"id":3746,"href":"https:\/\/b2b.coffeedesk.pl\/blog\/wp-json\/wp\/v2\/pages\/290\/revisions\/3746"}],"wp:attachment":[{"href":"https:\/\/b2b.coffeedesk.pl\/blog\/wp-json\/wp\/v2\/media?parent=290"}],"curies":[{"name":"wp","href":"https:\/\/api.w.org\/{rel}","templated":true}]}}